{"id":1184,"date":"2023-03-09T09:02:17","date_gmt":"2023-03-09T08:02:17","guid":{"rendered":"https:\/\/www.stn.tn\/?page_id=1184"},"modified":"2025-05-06T11:22:06","modified_gmt":"2025-05-06T09:22:06","slug":"presentation","status":"publish","type":"page","link":"https:\/\/www.stn.tn\/en\/presentation\/","title":{"rendered":"Presentation"},"content":{"rendered":"<section class=\"wpb-content-wrapper\"><p>[vc_row css=&#8221;.vc_custom_1677272828207{padding-top: 5% !important;padding-bottom: 3% !important;}&#8221;][vc_column width=&#8221;1\/2&#8243;][vc_custom_heading text=&#8221;North works company&#8221; google_fonts=&#8221;font_family:Raleway%3A100%2C200%2C300%2Cregular%2C500%2C600%2C700%2C800%2C900|font_style:700%20bold%20regular%3A700%3Anormal&#8221; css=&#8221;.vc_custom_1678352535494{margin-bottom: 10px !important;}&#8221;][vc_separator color=&#8221;custom&#8221; align=&#8221;align_left&#8221; border_width=&#8221;4&#8243; el_width=&#8221;10&#8243; accent_color=&#8221;#015429&#8243; el_class=&#8221;dt-custom-hr&#8221; css=&#8221;.vc_custom_1677263471207{margin-bottom: 35px !important;}&#8221;][vc_column_text css=&#8221;.vc_custom_1678352561670{margin-bottom: 15px !important;}&#8221;]ROADS &amp; HIGHWAYS ASPHALT FINISH[\/vc_column_text][vc_column_text css=&#8221;.vc_custom_1746523224797{margin-bottom: 20px !important;}&#8221;]<em><strong>Soci\u00e9t\u00e9 des Travaux Nord<\/strong><\/em><br \/>\n<em><strong>ROUTES &amp; VOIRIES \u2013 FINITIONS EN ENROB\u00c9<\/strong><\/em><\/p>\n<p>Cr\u00e9\u00e9e en 2005, la Soci\u00e9t\u00e9 des Travaux Nord -STN- intervient dans le domaine des travaux routiers et des r\u00e9seaux divers, tant pour le secteur public que priv\u00e9.<\/p>\n<p>Sp\u00e9cialis\u00e9e dans la construction, l\u2019am\u00e9nagement et la r\u00e9habilitation de routes, STN a particip\u00e9 \u00e0 de nombreux projets d\u2019envergure \u00e0 travers le pays et hors fronti\u00e8res.<\/p>\n<p>Notre entreprise dispose d\u2019un parc mat\u00e9riel moderne et diversifi\u00e9, comprenant un large \u00e9ventail de machines et d\u2019\u00e9quipements adapt\u00e9s aux besoins des chantiers les plus exigeants.<\/p>\n<p>Soucieuse de la qualit\u00e9, de l\u2019environnement et de la s\u00e9curit\u00e9, STN est certifi\u00e9e selon les normes <em><strong>ISO 9001<\/strong>, <strong>ISO 14001<\/strong> et <strong>ISO 45001 version 2018<\/strong>.<\/em>[\/vc_column_text][\/vc_column][vc_column width=&#8221;1\/2&#8243;][vc_single_image image=&#8221;1795&#8243; img_size=&#8221;full&#8221;][\/vc_column][\/vc_row][vc_row full_width=&#8221;stretch_row&#8221; bg_type=&#8221;image&#8221; parallax_style=&#8221;vcpb-default&#8221; bg_image_new=&#8221;id^995|url^https:\/\/www.stn.tn\/wp-content\/uploads\/2023\/02\/fd.jpg|caption^null|alt^null|title^fd|description^null&#8221; bg_img_attach=&#8221;fixed&#8221; enable_overlay=&#8221;enable_overlay_value&#8221; css=&#8221;.vc_custom_1677272901707{padding-top: 8% !important;padding-bottom: 8% !important;}&#8221;][vc_column][vc_custom_heading text=&#8221;STN EN CHIFFRES&#8221; font_container=&#8221;tag:h2|text_align:center|color:%23ffffff&#8221; google_fonts=&#8221;font_family:Raleway%3A100%2C200%2C300%2Cregular%2C500%2C600%2C700%2C800%2C900|font_style:700%20bold%20regular%3A700%3Anormal&#8221; css=&#8221;.vc_custom_1677263502937{margin-bottom: 10px !important;}&#8221;][vc_separator color=&#8221;custom&#8221; border_width=&#8221;4&#8243; el_width=&#8221;10&#8243; accent_color=&#8221;#015429&#8243; el_class=&#8221;dt-custom-hr&#8221; css=&#8221;.vc_custom_1677263487065{margin-bottom: 35px !important;}&#8221;][vc_row_inner][vc_column_inner width=&#8221;1\/4&#8243;]<div class=\"stats-block stats-top  dt-counter  vc_custom_1678352603756\"><div class=\"aio-icon-top\"><div class=\"ult-just-icon-wrapper  \"><div class=\"align-icon\" style=\"text-align:center;\">\n<div class=\"aio-icon none \"  style=\"color:#ffffff;font-size:50px;display:inline-block;\">\n\t<i class=\"Defaults-diamond\"><\/i>\n<\/div><\/div><\/div><\/div><div class=\"stats-desc\" id=\"counter-responsv-wrap-6581\"><div id=\"counter_18465782569e9d9f3ab87e\" data-id=\"counter_18465782569e9d9f3ab87e\"  data-ultimate-target='#counter-responsv-wrap-6581 .stats-number'  data-responsive-json-new='{\"font-size\":\"desktop:36px;\",\"line-height\":\"\"}'  class=\"stats-number ult-responsive\" style=\" color:#ffffff; color:#ffffff;\" data-speed=\"5\" data-counter-value=\"20\" data-separator=\"none\" data-decimal=\"none\">0<\/div><div id=\"counter_18465782569e9d9f3ab87e\"  data-ultimate-target='#counter-responsv-wrap-6581 .stats-text'  data-responsive-json-new='{\"font-size\":\"desktop:16px;\",\"line-height\":\"\"}'  class=\"stats-text ult-responsive\" style=\"font-size:px; color:#ffffff; font-weight:bold;\">years of experience<\/div><\/div><\/div><div class='dt-sc-small-separator '><\/div>[\/vc_column_inner][vc_column_inner width=&#8221;1\/4&#8243;]<div class=\"stats-block stats-top  dt-counter  vc_custom_1678352616323\"><div class=\"aio-icon-top\"><div class=\"ult-just-icon-wrapper  \"><div class=\"align-icon\" style=\"text-align:center;\">\n<div class=\"aio-icon none \"  style=\"color:#ffffff;font-size:50px;display:inline-block;\">\n\t<i class=\"Defaults-connectdevelop\"><\/i>\n<\/div><\/div><\/div><\/div><div class=\"stats-desc\" id=\"counter-responsv-wrap-7421\"><div id=\"counter_49487899769e9d9f3aba3a\" data-id=\"counter_49487899769e9d9f3aba3a\"  data-ultimate-target='#counter-responsv-wrap-7421 .stats-number'  data-responsive-json-new='{\"font-size\":\"desktop:36px;\",\"line-height\":\"\"}'  class=\"stats-number ult-responsive\" style=\" color:#ffffff; color:#ffffff;\" data-speed=\"5\" data-counter-value=\"100\" data-separator=\"none\" data-decimal=\"none\">0<\/div><div id=\"counter_49487899769e9d9f3aba3a\"  data-ultimate-target='#counter-responsv-wrap-7421 .stats-text'  data-responsive-json-new='{\"font-size\":\"desktop:16px;\",\"line-height\":\"\"}'  class=\"stats-text ult-responsive\" style=\"font-size:px; color:#ffffff; font-weight:bold;\">Partners<\/div><\/div><\/div><div class='dt-sc-small-separator '><\/div>[\/vc_column_inner][vc_column_inner width=&#8221;1\/4&#8243;]<div class=\"stats-block stats-top  dt-counter  vc_custom_1678352632123\"><div class=\"aio-icon-top\"><div class=\"ult-just-icon-wrapper  \"><div class=\"align-icon\" style=\"text-align:center;\">\n<div class=\"aio-icon none \"  style=\"color:#ffffff;font-size:50px;display:inline-block;\">\n\t<i class=\"Defaults-check\"><\/i>\n<\/div><\/div><\/div><\/div><div class=\"stats-desc\" id=\"counter-responsv-wrap-5145\"><div id=\"counter_163579368869e9d9f3abbbc\" data-id=\"counter_163579368869e9d9f3abbbc\"  data-ultimate-target='#counter-responsv-wrap-5145 .stats-number'  data-responsive-json-new='{\"font-size\":\"desktop:36px;\",\"line-height\":\"\"}'  class=\"stats-number ult-responsive\" style=\" color:#ffffff; color:#ffffff;\" data-speed=\"5\" data-counter-value=\"50\" data-separator=\"none\" data-decimal=\"none\">0<\/div><div id=\"counter_163579368869e9d9f3abbbc\"  data-ultimate-target='#counter-responsv-wrap-5145 .stats-text'  data-responsive-json-new='{\"font-size\":\"desktop:16px;\",\"line-height\":\"\"}'  class=\"stats-text ult-responsive\" style=\"font-size:px; color:#ffffff; font-weight:bold;\">Finished projects<\/div><\/div><\/div><div class='dt-sc-small-separator '><\/div>[\/vc_column_inner][vc_column_inner width=&#8221;1\/4&#8243;]<div class=\"stats-block stats-top  dt-counter  vc_custom_1678352663096\"><div class=\"aio-icon-top\"><div class=\"ult-just-icon-wrapper  \"><div class=\"align-icon\" style=\"text-align:center;\">\n<div class=\"aio-icon none \"  style=\"color:#ffffff;font-size:50px;display:inline-block;\">\n\t<i class=\"Defaults-clock-o\"><\/i>\n<\/div><\/div><\/div><\/div><div class=\"stats-desc\" id=\"counter-responsv-wrap-4704\"><div id=\"counter_152113993169e9d9f3abd45\" data-id=\"counter_152113993169e9d9f3abd45\"  data-ultimate-target='#counter-responsv-wrap-4704 .stats-number'  data-responsive-json-new='{\"font-size\":\"desktop:36px;\",\"line-height\":\"\"}'  class=\"stats-number ult-responsive\" style=\" color:#ffffff; color:#ffffff;\" data-speed=\"5\" data-counter-value=\"25\" data-separator=\"none\" data-decimal=\"none\">0<\/div><div id=\"counter_152113993169e9d9f3abd45\"  data-ultimate-target='#counter-responsv-wrap-4704 .stats-text'  data-responsive-json-new='{\"font-size\":\"desktop:16px;\",\"line-height\":\"\"}'  class=\"stats-text ult-responsive\" style=\"font-size:px; color:#ffffff; font-weight:bold;\">Current project<\/div><\/div><\/div><div class='dt-sc-small-separator '><\/div>[\/vc_column_inner][\/vc_row_inner][\/vc_column][\/vc_row]<\/p>\n<\/section>","protected":false},"excerpt":{"rendered":"<p>[vc_row css=&#8221;.vc_custom_1677272828207{padding-top: 5% !important;padding-bottom: 3% !important;}&#8221;][vc_column width=&#8221;1\/2&#8243;][vc_custom_heading text=&#8221;North works company&#8221; google_fonts=&#8221;font_family:Raleway%3A100%2C200%2C300%2Cregular%2C500%2C600%2C700%2C800%2C900|font_style:700%20bold%20regular%3A700%3Anormal&#8221; css=&#8221;.vc_custom_1678352535494{margin-bottom: 10px !important;}&#8221;][vc_separator color=&#8221;custom&#8221; align=&#8221;align_left&#8221; border_width=&#8221;4&#8243; el_width=&#8221;10&#8243; accent_color=&#8221;#015429&#8243; el_class=&#8221;dt-custom-hr&#8221; css=&#8221;.vc_custom_1677263471207{margin-bottom: 35px !important;}&#8221;][vc_column_text css=&#8221;.vc_custom_1678352561670{margin-bottom: 15px !important;}&#8221;]ROADS &amp; HIGHWAYS ASPHALT FINISH[\/vc_column_text][vc_column_text [&hellip;]<\/p>\n","protected":false},"author":1,"featured_media":0,"parent":0,"menu_order":0,"comment_status":"closed","ping_status":"closed","template":"","meta":{"footnotes":""},"class_list":["post-1184","page","type-page","status-publish","hentry"],"yoast_head":"<!-- This site is optimized with the Yoast SEO plugin v20.5 - https:\/\/yoast.com\/wordpress\/plugins\/seo\/ -->\n<title>North Works Company | Road works since 2005<\/title>\n<meta name=\"description\" content=\"STN has been operating in road works and various networks since 2005 in Tunisia. STN has participated in various projects and has more than 100 partners.\" \/>\n<meta name=\"robots\" content=\"index, follow, max-snippet:-1, max-image-preview:large, max-video-preview:-1\" \/>\n<link rel=\"canonical\" href=\"https:\/\/www.stn.tn\/en\/presentation\/\" \/>\n<meta property=\"og:locale\" content=\"en_US\" \/>\n<meta property=\"og:type\" content=\"article\" \/>\n<meta property=\"og:title\" content=\"North Works Company | Road works since 2005\" \/>\n<meta property=\"og:description\" content=\"STN has been operating in road works and various networks since 2005 in Tunisia. STN has participated in various projects and has more than 100 partners.\" \/>\n<meta property=\"og:url\" content=\"https:\/\/www.stn.tn\/en\/presentation\/\" \/>\n<meta property=\"og:site_name\" content=\"STN Tunisie\" \/>\n<meta property=\"article:modified_time\" content=\"2025-05-06T09:22:06+00:00\" \/>\n<meta name=\"twitter:card\" content=\"summary_large_image\" \/>\n<meta name=\"twitter:label1\" content=\"Est. reading time\" \/>\n\t<meta name=\"twitter:data1\" content=\"2 minutes\" \/>\n<script type=\"application\/ld+json\" class=\"yoast-schema-graph\">{\"@context\":\"https:\/\/schema.org\",\"@graph\":[{\"@type\":\"WebPage\",\"@id\":\"https:\/\/www.stn.tn\/en\/presentation\/\",\"url\":\"https:\/\/www.stn.tn\/en\/presentation\/\",\"name\":\"North Works Company | Road works since 2005\",\"isPartOf\":{\"@id\":\"https:\/\/www.stn.tn\/#website\"},\"datePublished\":\"2023-03-09T08:02:17+00:00\",\"dateModified\":\"2025-05-06T09:22:06+00:00\",\"description\":\"STN has been operating in road works and various networks since 2005 in Tunisia. STN has participated in various projects and has more than 100 partners.\",\"breadcrumb\":{\"@id\":\"https:\/\/www.stn.tn\/en\/presentation\/#breadcrumb\"},\"inLanguage\":\"en-US\",\"potentialAction\":[{\"@type\":\"ReadAction\",\"target\":[\"https:\/\/www.stn.tn\/en\/presentation\/\"]}]},{\"@type\":\"BreadcrumbList\",\"@id\":\"https:\/\/www.stn.tn\/en\/presentation\/#breadcrumb\",\"itemListElement\":[{\"@type\":\"ListItem\",\"position\":1,\"name\":\"Accueil\",\"item\":\"https:\/\/www.stn.tn\/\"},{\"@type\":\"ListItem\",\"position\":2,\"name\":\"Presentation\"}]},{\"@type\":\"WebSite\",\"@id\":\"https:\/\/www.stn.tn\/#website\",\"url\":\"https:\/\/www.stn.tn\/\",\"name\":\"STN Tunisie\",\"description\":\"Travaux des routes en Tunisie\",\"potentialAction\":[{\"@type\":\"SearchAction\",\"target\":{\"@type\":\"EntryPoint\",\"urlTemplate\":\"https:\/\/www.stn.tn\/?s={search_term_string}\"},\"query-input\":\"required name=search_term_string\"}],\"inLanguage\":\"en-US\"}]}<\/script>\n<!-- \/ Yoast SEO plugin. -->","yoast_head_json":{"title":"North Works Company | Road works since 2005","description":"STN has been operating in road works and various networks since 2005 in Tunisia. STN has participated in various projects and has more than 100 partners.","robots":{"index":"index","follow":"follow","max-snippet":"max-snippet:-1","max-image-preview":"max-image-preview:large","max-video-preview":"max-video-preview:-1"},"canonical":"https:\/\/www.stn.tn\/en\/presentation\/","og_locale":"en_US","og_type":"article","og_title":"North Works Company | Road works since 2005","og_description":"STN has been operating in road works and various networks since 2005 in Tunisia. STN has participated in various projects and has more than 100 partners.","og_url":"https:\/\/www.stn.tn\/en\/presentation\/","og_site_name":"STN Tunisie","article_modified_time":"2025-05-06T09:22:06+00:00","twitter_card":"summary_large_image","twitter_misc":{"Est. reading time":"2 minutes"},"schema":{"@context":"https:\/\/schema.org","@graph":[{"@type":"WebPage","@id":"https:\/\/www.stn.tn\/en\/presentation\/","url":"https:\/\/www.stn.tn\/en\/presentation\/","name":"North Works Company | Road works since 2005","isPartOf":{"@id":"https:\/\/www.stn.tn\/#website"},"datePublished":"2023-03-09T08:02:17+00:00","dateModified":"2025-05-06T09:22:06+00:00","description":"STN has been operating in road works and various networks since 2005 in Tunisia. STN has participated in various projects and has more than 100 partners.","breadcrumb":{"@id":"https:\/\/www.stn.tn\/en\/presentation\/#breadcrumb"},"inLanguage":"en-US","potentialAction":[{"@type":"ReadAction","target":["https:\/\/www.stn.tn\/en\/presentation\/"]}]},{"@type":"BreadcrumbList","@id":"https:\/\/www.stn.tn\/en\/presentation\/#breadcrumb","itemListElement":[{"@type":"ListItem","position":1,"name":"Accueil","item":"https:\/\/www.stn.tn\/"},{"@type":"ListItem","position":2,"name":"Presentation"}]},{"@type":"WebSite","@id":"https:\/\/www.stn.tn\/#website","url":"https:\/\/www.stn.tn\/","name":"STN Tunisie","description":"Travaux des routes en Tunisie","potentialAction":[{"@type":"SearchAction","target":{"@type":"EntryPoint","urlTemplate":"https:\/\/www.stn.tn\/?s={search_term_string}"},"query-input":"required name=search_term_string"}],"inLanguage":"en-US"}]}},"_links":{"self":[{"href":"https:\/\/www.stn.tn\/en\/wp-json\/wp\/v2\/pages\/1184","targetHints":{"allow":["GET"]}}],"collection":[{"href":"https:\/\/www.stn.tn\/en\/wp-json\/wp\/v2\/pages"}],"about":[{"href":"https:\/\/www.stn.tn\/en\/wp-json\/wp\/v2\/types\/page"}],"author":[{"embeddable":true,"href":"https:\/\/www.stn.tn\/en\/wp-json\/wp\/v2\/users\/1"}],"replies":[{"embeddable":true,"href":"https:\/\/www.stn.tn\/en\/wp-json\/wp\/v2\/comments?post=1184"}],"version-history":[{"count":8,"href":"https:\/\/www.stn.tn\/en\/wp-json\/wp\/v2\/pages\/1184\/revisions"}],"predecessor-version":[{"id":1840,"href":"https:\/\/www.stn.tn\/en\/wp-json\/wp\/v2\/pages\/1184\/revisions\/1840"}],"wp:attachment":[{"href":"https:\/\/www.stn.tn\/en\/wp-json\/wp\/v2\/media?parent=1184"}],"curies":[{"name":"wp","href":"https:\/\/api.w.org\/{rel}","templated":true}]}}