{"id":1145,"date":"2023-03-07T16:11:07","date_gmt":"2023-03-07T15:11:07","guid":{"rendered":"https:\/\/www.stn.tn\/?page_id=1145"},"modified":"2025-01-13T17:21:57","modified_gmt":"2025-01-13T16:21:57","slug":"contact","status":"publish","type":"page","link":"https:\/\/www.stn.tn\/en\/contact\/","title":{"rendered":"Contact"},"content":{"rendered":"<section class=\"wpb-content-wrapper\"><p>[vc_row full_width=&#8221;stretch_row&#8221; css=&#8221;.vc_custom_1677271315683{padding-top: 3% !important;padding-bottom: 3% !important;}&#8221;][vc_column][vc_custom_heading text=&#8221;CONTACT US FOR ANY INFORMATION&#8221; font_container=&#8221;tag:h2|text_align:center&#8221; google_fonts=&#8221;font_family:Raleway%3A100%2C200%2C300%2Cregular%2C500%2C600%2C700%2C800%2C900|font_style:700%20bold%20regular%3A700%3Anormal&#8221; css=&#8221;.vc_custom_1678200509681{margin-bottom: 10px !important;}&#8221;][vc_separator color=&#8221;custom&#8221; border_width=&#8221;4&#8243; el_width=&#8221;10&#8243; accent_color=&#8221;#015429&#8243; el_class=&#8221;dt-custom-hr&#8221; css=&#8221;.vc_custom_1677266848724{margin-bottom: 35px !important;}&#8221;]<div class=\"ult-spacer spacer-69e853bf781e2\" data-id=\"69e853bf781e2\" data-height=\"35\" data-height-mobile=\"35\" data-height-tab=\"35\" data-height-tab-portrait=\"\" data-height-mobile-landscape=\"\" style=\"clear:both;display:block;\"><\/div>[vc_row_inner][vc_column_inner width=&#8221;1\/4&#8243;][vc_column_text]<\/p>\n<ul class=\"dt-contact-details map-marker\">\n<li><span style=\"color: #000000;\"><strong>Address<\/strong><\/span><\/li>\n<li>Centre urbain nord r\u00e9sidence mirmar bloc b 3 \u00e9me \u00e9tage<\/li>\n<\/ul>\n<p>[\/vc_column_text][\/vc_column_inner][vc_column_inner width=&#8221;1\/4&#8243;][vc_column_text]<\/p>\n<ul class=\"dt-contact-details envelope\">\n<li><span style=\"color: #000000;\"><strong>E-mail<\/strong><\/span><\/li>\n<li>sotnord@yahoo.fr<\/li>\n<\/ul>\n<p>[\/vc_column_text][\/vc_column_inner][vc_column_inner width=&#8221;1\/4&#8243;][vc_column_text]<\/p>\n<ul class=\"dt-contact-details phone\">\n<li><span style=\"color: #000000;\"><strong>Phone<\/strong><\/span><\/li>\n<li>+216 71 947 418<\/li>\n<li>+216 22 291 292<\/li>\n<\/ul>\n<p>[\/vc_column_text][vc_column_text]<\/p>\n<ul class=\"dt-contact-details phone\">\n<li><span style=\"color: #000000;\"><strong>WhatsApp<\/strong><\/span><\/li>\n<li>+216 22 291 292<\/li>\n<\/ul>\n<p>[\/vc_column_text][\/vc_column_inner][vc_column_inner width=&#8221;1\/4&#8243;][vc_column_text]<\/p>\n<ul class=\"dt-contact-details phone\">\n<li><span style=\"color: #000000;\"><strong>Fax<\/strong><\/span><\/li>\n<li>+216 71 947 421<\/li>\n<\/ul>\n<p>[\/vc_column_text][\/vc_column_inner][\/vc_row_inner][\/vc_column][\/vc_row][vc_row css=&#8221;.vc_custom_1677271370973{padding-top: 3% !important;padding-bottom: 3% !important;}&#8221;][vc_column][vc_custom_heading text=&#8221;Contact us for any information&#8221; font_container=&#8221;tag:h2|text_align:center&#8221; google_fonts=&#8221;font_family:Raleway%3A100%2C200%2C300%2Cregular%2C500%2C600%2C700%2C800%2C900|font_style:700%20bold%20regular%3A700%3Anormal&#8221; css=&#8221;.vc_custom_1678200605576{margin-bottom: 10px !important;}&#8221;][vc_separator color=&#8221;custom&#8221; border_width=&#8221;4&#8243; el_width=&#8221;10&#8243; accent_color=&#8221;#015429&#8243; el_class=&#8221;dt-custom-hr&#8221; css=&#8221;.vc_custom_1677267591529{margin-bottom: 15px !important;}&#8221;][vc_empty_space height=&#8221;15px&#8221;]\n<div class=\"wpcf7 no-js\" id=\"wpcf7-f1146-o1\" lang=\"en-US\" dir=\"ltr\">\n<div class=\"screen-reader-response\"><p role=\"status\" aria-live=\"polite\" aria-atomic=\"true\"><\/p> <ul><\/ul><\/div>\n<form action=\"\/en\/wp-json\/wp\/v2\/pages\/1145#wpcf7-f1146-o1\" method=\"post\" class=\"wpcf7-form init contact_form2\" aria-label=\"Contact form\" novalidate=\"novalidate\" data-status=\"init\">\n<div style=\"display: none;\">\n<input type=\"hidden\" name=\"_wpcf7\" value=\"1146\" \/>\n<input type=\"hidden\" name=\"_wpcf7_version\" value=\"5.7.4\" \/>\n<input type=\"hidden\" name=\"_wpcf7_locale\" value=\"en_US\" \/>\n<input type=\"hidden\" name=\"_wpcf7_unit_tag\" value=\"wpcf7-f1146-o1\" \/>\n<input type=\"hidden\" name=\"_wpcf7_container_post\" value=\"0\" \/>\n<input type=\"hidden\" name=\"_wpcf7_posted_data_hash\" value=\"\" \/>\n<\/div>\n<p>[vc_row]\n<\/p>\n<p>[vc_column width=\"1\/3\"]\n<\/p>\n<p class=\"form-field\"><span class=\"wpcf7-form-control-wrap\" data-name=\"your-name\"><input size=\"40\" class=\"wpcf7-form-control wpcf7-text wpcf7-validates-as-required\" aria-required=\"true\" aria-invalid=\"false\" placeholder=\"Last &amp; First Name\" value=\"\" type=\"text\" name=\"your-name\" \/><\/span>\n<\/p>\n<p>[\/vc_column]\n<\/p>\n<p>[vc_column width=\"1\/3\"]\n<\/p>\n<p class=\"form-field\"><span class=\"wpcf7-form-control-wrap\" data-name=\"your-email\"><input size=\"40\" class=\"wpcf7-form-control wpcf7-text wpcf7-email wpcf7-validates-as-required wpcf7-validates-as-email\" aria-required=\"true\" aria-invalid=\"false\" placeholder=\"E-mail\" value=\"\" type=\"email\" name=\"your-email\" \/><\/span>\n<\/p>\n<p>[\/vc_column]\n<\/p>\n<p>[vc_column width=\"1\/3\"]\n<\/p>\n<p class=\"form-field\"><span class=\"wpcf7-form-control-wrap\" data-name=\"your-tel\"><input size=\"40\" class=\"wpcf7-form-control wpcf7-text wpcf7-tel wpcf7-validates-as-tel\" aria-invalid=\"false\" placeholder=\"Phone\" value=\"\" type=\"tel\" name=\"your-tel\" \/><\/span>\n<\/p>\n<p>[\/vc_column]\n<\/p>\n<p>[vc_column]\n<\/p>\n<p class=\"form-field\"><span class=\"wpcf7-form-control-wrap\" data-name=\"your-message\"><textarea cols=\"40\" rows=\"10\" class=\"wpcf7-form-control wpcf7-textarea\" aria-invalid=\"false\" placeholder=\"Message\" name=\"your-message\"><\/textarea><\/span>\n<\/p>\n<div class='dt-sc-hr-invisible-xsmall '> <\/div><br \/>\n<input class=\"wpcf7-form-control has-spinner wpcf7-submit\" type=\"submit\" value=\"Send\" \/><br \/>\n[\/vc_column]\n<\/p>\n<p>[\/vc_row]\n<\/p><div class=\"wpcf7-response-output\" aria-hidden=\"true\"><\/div>\n<\/form>\n<\/div>\n[\/vc_column][\/vc_row][vc_section full_width=&#8221;stretch_row&#8221;][vc_row][vc_column][vc_raw_html]JTNDaWZyYW1lJTIwc3JjJTNEJTIyaHR0cHMlM0ElMkYlMkZ3d3cuZ29vZ2xlLmNvbSUyRm1hcHMlMkZkJTJGdSUyRjAlMkZlbWJlZCUzRm1pZCUzRDF3bWszbzQzRVhWeFRnTXFpWDdmTllfaEFvYUNYLS1NJTI2ZWhiYyUzRDJFMzEyRiUyMiUyMHdpZHRoJTNEJTIyMTkyMCUyMiUyMGhlaWdodCUzRCUyMjUwMCUyMiUzRSUzQyUyRmlmcmFtZSUzRQ==[\/vc_raw_html][\/vc_column][\/vc_row][\/vc_section]<\/p>\n<\/section>","protected":false},"excerpt":{"rendered":"<p>[vc_row full_width=&#8221;stretch_row&#8221; css=&#8221;.vc_custom_1677271315683{padding-top: 3% !important;padding-bottom: 3% !important;}&#8221;][vc_column][vc_custom_heading text=&#8221;CONTACT US FOR ANY INFORMATION&#8221; font_container=&#8221;tag:h2|text_align:center&#8221; google_fonts=&#8221;font_family:Raleway%3A100%2C200%2C300%2Cregular%2C500%2C600%2C700%2C800%2C900|font_style:700%20bold%20regular%3A700%3Anormal&#8221; css=&#8221;.vc_custom_1678200509681{margin-bottom: 10px !important;}&#8221;][vc_separator color=&#8221;custom&#8221; border_width=&#8221;4&#8243; el_width=&#8221;10&#8243; accent_color=&#8221;#015429&#8243; el_class=&#8221;dt-custom-hr&#8221; css=&#8221;.vc_custom_1677266848724{margin-bottom: 35px !important;}&#8221;][vc_row_inner][vc_column_inner width=&#8221;1\/4&#8243;][vc_column_text] Address Centre urbain nord [&hellip;]<\/p>\n","protected":false},"author":1,"featured_media":0,"parent":0,"menu_order":0,"comment_status":"closed","ping_status":"closed","template":"","meta":{"footnotes":""},"class_list":["post-1145","page","type-page","status-publish","hentry"],"yoast_head":"<!-- This site is optimized with the Yoast SEO plugin v20.5 - https:\/\/yoast.com\/wordpress\/plugins\/seo\/ -->\n<title>Contact STN Tunisia | Road projects and laying of canals<\/title>\n<meta name=\"description\" content=\"Contact STN for the realization of road projects and laying of various canals in Tunisia. Trust our certified management system.\" \/>\n<meta name=\"robots\" content=\"index, follow, max-snippet:-1, max-image-preview:large, max-video-preview:-1\" \/>\n<link rel=\"canonical\" href=\"https:\/\/www.stn.tn\/en\/contact\/\" \/>\n<meta property=\"og:locale\" content=\"en_US\" \/>\n<meta property=\"og:type\" content=\"article\" \/>\n<meta property=\"og:title\" content=\"Contact STN Tunisia | Road projects and laying of canals\" \/>\n<meta property=\"og:description\" content=\"Contact STN for the realization of road projects and laying of various canals in Tunisia. Trust our certified management system.\" \/>\n<meta property=\"og:url\" content=\"https:\/\/www.stn.tn\/en\/contact\/\" \/>\n<meta property=\"og:site_name\" content=\"STN Tunisie\" \/>\n<meta property=\"article:modified_time\" content=\"2025-01-13T16:21:57+00:00\" \/>\n<meta name=\"twitter:card\" content=\"summary_large_image\" \/>\n<meta name=\"twitter:label1\" content=\"Est. reading time\" \/>\n\t<meta name=\"twitter:data1\" content=\"1 minute\" \/>\n<script type=\"application\/ld+json\" class=\"yoast-schema-graph\">{\"@context\":\"https:\/\/schema.org\",\"@graph\":[{\"@type\":\"WebPage\",\"@id\":\"https:\/\/www.stn.tn\/en\/contact\/\",\"url\":\"https:\/\/www.stn.tn\/en\/contact\/\",\"name\":\"Contact STN Tunisia | Road projects and laying of canals\",\"isPartOf\":{\"@id\":\"https:\/\/www.stn.tn\/#website\"},\"datePublished\":\"2023-03-07T15:11:07+00:00\",\"dateModified\":\"2025-01-13T16:21:57+00:00\",\"description\":\"Contact STN for the realization of road projects and laying of various canals in Tunisia. Trust our certified management system.\",\"breadcrumb\":{\"@id\":\"https:\/\/www.stn.tn\/en\/contact\/#breadcrumb\"},\"inLanguage\":\"en-US\",\"potentialAction\":[{\"@type\":\"ReadAction\",\"target\":[\"https:\/\/www.stn.tn\/en\/contact\/\"]}]},{\"@type\":\"BreadcrumbList\",\"@id\":\"https:\/\/www.stn.tn\/en\/contact\/#breadcrumb\",\"itemListElement\":[{\"@type\":\"ListItem\",\"position\":1,\"name\":\"Accueil\",\"item\":\"https:\/\/www.stn.tn\/\"},{\"@type\":\"ListItem\",\"position\":2,\"name\":\"Contact\"}]},{\"@type\":\"WebSite\",\"@id\":\"https:\/\/www.stn.tn\/#website\",\"url\":\"https:\/\/www.stn.tn\/\",\"name\":\"STN Tunisie\",\"description\":\"Travaux des routes en Tunisie\",\"potentialAction\":[{\"@type\":\"SearchAction\",\"target\":{\"@type\":\"EntryPoint\",\"urlTemplate\":\"https:\/\/www.stn.tn\/?s={search_term_string}\"},\"query-input\":\"required name=search_term_string\"}],\"inLanguage\":\"en-US\"}]}<\/script>\n<!-- \/ Yoast SEO plugin. -->","yoast_head_json":{"title":"Contact STN Tunisia | Road projects and laying of canals","description":"Contact STN for the realization of road projects and laying of various canals in Tunisia. Trust our certified management system.","robots":{"index":"index","follow":"follow","max-snippet":"max-snippet:-1","max-image-preview":"max-image-preview:large","max-video-preview":"max-video-preview:-1"},"canonical":"https:\/\/www.stn.tn\/en\/contact\/","og_locale":"en_US","og_type":"article","og_title":"Contact STN Tunisia | Road projects and laying of canals","og_description":"Contact STN for the realization of road projects and laying of various canals in Tunisia. Trust our certified management system.","og_url":"https:\/\/www.stn.tn\/en\/contact\/","og_site_name":"STN Tunisie","article_modified_time":"2025-01-13T16:21:57+00:00","twitter_card":"summary_large_image","twitter_misc":{"Est. reading time":"1 minute"},"schema":{"@context":"https:\/\/schema.org","@graph":[{"@type":"WebPage","@id":"https:\/\/www.stn.tn\/en\/contact\/","url":"https:\/\/www.stn.tn\/en\/contact\/","name":"Contact STN Tunisia | Road projects and laying of canals","isPartOf":{"@id":"https:\/\/www.stn.tn\/#website"},"datePublished":"2023-03-07T15:11:07+00:00","dateModified":"2025-01-13T16:21:57+00:00","description":"Contact STN for the realization of road projects and laying of various canals in Tunisia. Trust our certified management system.","breadcrumb":{"@id":"https:\/\/www.stn.tn\/en\/contact\/#breadcrumb"},"inLanguage":"en-US","potentialAction":[{"@type":"ReadAction","target":["https:\/\/www.stn.tn\/en\/contact\/"]}]},{"@type":"BreadcrumbList","@id":"https:\/\/www.stn.tn\/en\/contact\/#breadcrumb","itemListElement":[{"@type":"ListItem","position":1,"name":"Accueil","item":"https:\/\/www.stn.tn\/"},{"@type":"ListItem","position":2,"name":"Contact"}]},{"@type":"WebSite","@id":"https:\/\/www.stn.tn\/#website","url":"https:\/\/www.stn.tn\/","name":"STN Tunisie","description":"Travaux des routes en Tunisie","potentialAction":[{"@type":"SearchAction","target":{"@type":"EntryPoint","urlTemplate":"https:\/\/www.stn.tn\/?s={search_term_string}"},"query-input":"required name=search_term_string"}],"inLanguage":"en-US"}]}},"_links":{"self":[{"href":"https:\/\/www.stn.tn\/en\/wp-json\/wp\/v2\/pages\/1145","targetHints":{"allow":["GET"]}}],"collection":[{"href":"https:\/\/www.stn.tn\/en\/wp-json\/wp\/v2\/pages"}],"about":[{"href":"https:\/\/www.stn.tn\/en\/wp-json\/wp\/v2\/types\/page"}],"author":[{"embeddable":true,"href":"https:\/\/www.stn.tn\/en\/wp-json\/wp\/v2\/users\/1"}],"replies":[{"embeddable":true,"href":"https:\/\/www.stn.tn\/en\/wp-json\/wp\/v2\/comments?post=1145"}],"version-history":[{"count":4,"href":"https:\/\/www.stn.tn\/en\/wp-json\/wp\/v2\/pages\/1145\/revisions"}],"predecessor-version":[{"id":1832,"href":"https:\/\/www.stn.tn\/en\/wp-json\/wp\/v2\/pages\/1145\/revisions\/1832"}],"wp:attachment":[{"href":"https:\/\/www.stn.tn\/en\/wp-json\/wp\/v2\/media?parent=1145"}],"curies":[{"name":"wp","href":"https:\/\/api.w.org\/{rel}","templated":true}]}}